{"id":1321,"date":"2025-06-04T16:13:28","date_gmt":"2025-06-04T16:13:28","guid":{"rendered":"https:\/\/garraioakgllano.com\/?page_id=1321"},"modified":"2025-06-05T07:14:38","modified_gmt":"2025-06-05T07:14:38","slug":"politicas-de-privacidad","status":"publish","type":"page","link":"https:\/\/garraioakgllano.com\/index.php\/politicas-de-privacidad\/","title":{"rendered":"Pol\u00edticas de Privacidad"},"content":{"rendered":"<style>.elementor-1321 .elementor-element.elementor-element-7471154d{padding:0px 10px 0px 10px;}.elementor-1321 .elementor-element.elementor-element-1abda6d5{text-align:justify;}<\/style>\t\t<div data-elementor-type=\"wp-page\" data-elementor-id=\"1321\" class=\"elementor elementor-1321\" data-elementor-post-type=\"page\">\n\t\t\t\t\t\t<section class=\"elementor-section elementor-top-section elementor-element elementor-element-7471154d elementor-section-boxed elementor-section-height-default elementor-section-height-default\" data-id=\"7471154d\" data-element_type=\"section\" data-e-type=\"section\">\n\t\t\t\t\t\t<div class=\"elementor-container elementor-column-gap-default\">\n\t\t\t\t\t<div class=\"elementor-column elementor-col-100 elementor-top-column elementor-element elementor-element-30ae5547\" data-id=\"30ae5547\" data-element_type=\"column\" data-e-type=\"column\">\n\t\t\t<div class=\"elementor-widget-wrap elementor-element-populated\">\n\t\t\t\t\t\t<div class=\"elementor-element elementor-element-1abda6d5 elementor-widget elementor-widget-text-editor\" data-id=\"1abda6d5\" data-element_type=\"widget\" data-e-type=\"widget\" data-widget_type=\"text-editor.default\">\n\t\t\t\t<div class=\"elementor-widget-container\">\n\t\t\t\t\t\t\t\t\t<h1>Pol\u00edticas de Privacidad<\/h1><p>La informaci\u00f3n contenida en este mensaje y\/o archivo(s) adjunto(s), enviada desde GARRAIOAK G. LLANO SL, es confidencial\/privilegiada y est\u00e1 destinada a ser le\u00edda solo por la(s) persona(s) a la(s) que va dirigida. Le recordamos que sus datos han sido incorporados en el sistema de tratamiento de GARRAIOAK G. LLANO SL y que siempre y cuando se cumplan los requisitos exigidos por la normativa, usted podr\u00e1 ejercer sus derechos de acceso, rectificaci\u00f3n, limitaci\u00f3n de tratamiento, supresi\u00f3n (\u201cderecho al olvido\u201d), portabilidad, oposici\u00f3n y revocaci\u00f3n, en los t\u00e9rminos que establece la normativa vigente y aplicable en materia de protecci\u00f3n de datos, dirigiendo su petici\u00f3n a la direcci\u00f3n postal INTXAURDI KALEA 2C 1\u00ba D,01470 AMURRIO(\u00c1LAVA) o bien a trav\u00e9s de correo electr\u00f3nico <a href=\"mailto:GARRAIOAKG.LLANO@GMAIL.COM\" target=\"_blank\" rel=\"noopener\">GARRAIOAKG.LLANO@GMAIL.COM<\/a> Si usted lee este mensaje y no es el destinatario se\u00f1alado, la persona trabajadora o el agente responsable de entregar el mensaje al destinatario, o ha recibido esta comunicaci\u00f3n por error, le informamos que est\u00e1 totalmente prohibida, y puede ser ilegal, cualquier divulgaci\u00f3n, distribuci\u00f3n o reproducci\u00f3n de esta comunicaci\u00f3n, y le rogamos que nos lo notifique inmediatamente y nos devuelva el mensaje original a la direcci\u00f3n arriba mencionada.<\/p><p>Gracias<\/p>\t\t\t\t\t\t\t\t<\/div>\n\t\t\t\t<\/div>\n\t\t\t\t\t<\/div>\n\t\t<\/div>\n\t\t\t\t\t<\/div>\n\t\t<\/section>\n\t\t\t\t<\/div>\n\t\t","protected":false},"excerpt":{"rendered":"<p>Pol\u00edticas de Privacidad La informaci\u00f3n contenida en este mensaje y\/o archivo(s) adjunto(s), enviada desde GARRAIOAK G. LLANO SL, es confidencial\/privilegiada y est\u00e1 destinada a ser le\u00edda solo por la(s) persona(s) a la(s) que va dirigida. Le recordamos que sus datos han sido incorporados en el sistema de tratamiento de GARRAIOAK G. LLANO SL y que [&hellip;]<\/p>\n","protected":false},"author":1,"featured_media":0,"parent":0,"menu_order":0,"comment_status":"closed","ping_status":"closed","template":"elementor_canvas","meta":{"footnotes":""},"class_list":["post-1321","page","type-page","status-publish","hentry"],"yoast_head":"<!-- This site is optimized with the Yoast SEO plugin v27.3 - https:\/\/yoast.com\/product\/yoast-seo-wordpress\/ -->\n<title>Pol\u00edticas de Privacidad - Garraioak G.llano<\/title>\n<meta name=\"robots\" content=\"index, follow, max-snippet:-1, max-image-preview:large, max-video-preview:-1\" \/>\n<link rel=\"canonical\" href=\"https:\/\/garraioakgllano.com\/index.php\/politicas-de-privacidad\/\" \/>\n<meta property=\"og:locale\" content=\"es_ES\" \/>\n<meta property=\"og:type\" content=\"article\" \/>\n<meta property=\"og:title\" content=\"Pol\u00edticas de Privacidad - Garraioak G.llano\" \/>\n<meta property=\"og:description\" content=\"Pol\u00edticas de Privacidad La informaci\u00f3n contenida en este mensaje y\/o archivo(s) adjunto(s), enviada desde GARRAIOAK G. LLANO SL, es confidencial\/privilegiada y est\u00e1 destinada a ser le\u00edda solo por la(s) persona(s) a la(s) que va dirigida. Le recordamos que sus datos han sido incorporados en el sistema de tratamiento de GARRAIOAK G. LLANO SL y que [&hellip;]\" \/>\n<meta property=\"og:url\" content=\"https:\/\/garraioakgllano.com\/index.php\/politicas-de-privacidad\/\" \/>\n<meta property=\"og:site_name\" content=\"Garraioak G.llano\" \/>\n<meta property=\"article:modified_time\" content=\"2025-06-05T07:14:38+00:00\" \/>\n<meta name=\"twitter:card\" content=\"summary_large_image\" \/>\n<meta name=\"twitter:label1\" content=\"Tiempo de lectura\" \/>\n\t<meta name=\"twitter:data1\" content=\"1 minuto\" \/>\n<script type=\"application\/ld+json\" class=\"yoast-schema-graph\">{\"@context\":\"https:\\\/\\\/schema.org\",\"@graph\":[{\"@type\":\"WebPage\",\"@id\":\"https:\\\/\\\/garraioakgllano.com\\\/index.php\\\/politicas-de-privacidad\\\/\",\"url\":\"https:\\\/\\\/garraioakgllano.com\\\/index.php\\\/politicas-de-privacidad\\\/\",\"name\":\"Pol\u00edticas de Privacidad - Garraioak G.llano\",\"isPartOf\":{\"@id\":\"https:\\\/\\\/garraioakgllano.com\\\/#website\"},\"datePublished\":\"2025-06-04T16:13:28+00:00\",\"dateModified\":\"2025-06-05T07:14:38+00:00\",\"breadcrumb\":{\"@id\":\"https:\\\/\\\/garraioakgllano.com\\\/index.php\\\/politicas-de-privacidad\\\/#breadcrumb\"},\"inLanguage\":\"es\",\"potentialAction\":[{\"@type\":\"ReadAction\",\"target\":[\"https:\\\/\\\/garraioakgllano.com\\\/index.php\\\/politicas-de-privacidad\\\/\"]}]},{\"@type\":\"BreadcrumbList\",\"@id\":\"https:\\\/\\\/garraioakgllano.com\\\/index.php\\\/politicas-de-privacidad\\\/#breadcrumb\",\"itemListElement\":[{\"@type\":\"ListItem\",\"position\":1,\"name\":\"Portada\",\"item\":\"https:\\\/\\\/garraioakgllano.com\\\/\"},{\"@type\":\"ListItem\",\"position\":2,\"name\":\"Pol\u00edticas de Privacidad\"}]},{\"@type\":\"WebSite\",\"@id\":\"https:\\\/\\\/garraioakgllano.com\\\/#website\",\"url\":\"https:\\\/\\\/garraioakgllano.com\\\/\",\"name\":\"Garraioak G.llano\",\"description\":\"Servicio de Transporte\",\"publisher\":{\"@id\":\"https:\\\/\\\/garraioakgllano.com\\\/#organization\"},\"potentialAction\":[{\"@type\":\"SearchAction\",\"target\":{\"@type\":\"EntryPoint\",\"urlTemplate\":\"https:\\\/\\\/garraioakgllano.com\\\/?s={search_term_string}\"},\"query-input\":{\"@type\":\"PropertyValueSpecification\",\"valueRequired\":true,\"valueName\":\"search_term_string\"}}],\"inLanguage\":\"es\"},{\"@type\":\"Organization\",\"@id\":\"https:\\\/\\\/garraioakgllano.com\\\/#organization\",\"name\":\"Garraioak G.llano\",\"url\":\"https:\\\/\\\/garraioakgllano.com\\\/\",\"logo\":{\"@type\":\"ImageObject\",\"inLanguage\":\"es\",\"@id\":\"https:\\\/\\\/garraioakgllano.com\\\/#\\\/schema\\\/logo\\\/image\\\/\",\"url\":\"https:\\\/\\\/garraioakgllano.com\\\/wp-content\\\/uploads\\\/2023\\\/03\\\/cropped-logo-garraioak2.png\",\"contentUrl\":\"https:\\\/\\\/garraioakgllano.com\\\/wp-content\\\/uploads\\\/2023\\\/03\\\/cropped-logo-garraioak2.png\",\"width\":480,\"height\":95,\"caption\":\"Garraioak G.llano\"},\"image\":{\"@id\":\"https:\\\/\\\/garraioakgllano.com\\\/#\\\/schema\\\/logo\\\/image\\\/\"}}]}<\/script>\n<!-- \/ Yoast SEO plugin. -->","yoast_head_json":{"title":"Pol\u00edticas de Privacidad - Garraioak G.llano","robots":{"index":"index","follow":"follow","max-snippet":"max-snippet:-1","max-image-preview":"max-image-preview:large","max-video-preview":"max-video-preview:-1"},"canonical":"https:\/\/garraioakgllano.com\/index.php\/politicas-de-privacidad\/","og_locale":"es_ES","og_type":"article","og_title":"Pol\u00edticas de Privacidad - Garraioak G.llano","og_description":"Pol\u00edticas de Privacidad La informaci\u00f3n contenida en este mensaje y\/o archivo(s) adjunto(s), enviada desde GARRAIOAK G. LLANO SL, es confidencial\/privilegiada y est\u00e1 destinada a ser le\u00edda solo por la(s) persona(s) a la(s) que va dirigida. Le recordamos que sus datos han sido incorporados en el sistema de tratamiento de GARRAIOAK G. LLANO SL y que [&hellip;]","og_url":"https:\/\/garraioakgllano.com\/index.php\/politicas-de-privacidad\/","og_site_name":"Garraioak G.llano","article_modified_time":"2025-06-05T07:14:38+00:00","twitter_card":"summary_large_image","twitter_misc":{"Tiempo de lectura":"1 minuto"},"schema":{"@context":"https:\/\/schema.org","@graph":[{"@type":"WebPage","@id":"https:\/\/garraioakgllano.com\/index.php\/politicas-de-privacidad\/","url":"https:\/\/garraioakgllano.com\/index.php\/politicas-de-privacidad\/","name":"Pol\u00edticas de Privacidad - Garraioak G.llano","isPartOf":{"@id":"https:\/\/garraioakgllano.com\/#website"},"datePublished":"2025-06-04T16:13:28+00:00","dateModified":"2025-06-05T07:14:38+00:00","breadcrumb":{"@id":"https:\/\/garraioakgllano.com\/index.php\/politicas-de-privacidad\/#breadcrumb"},"inLanguage":"es","potentialAction":[{"@type":"ReadAction","target":["https:\/\/garraioakgllano.com\/index.php\/politicas-de-privacidad\/"]}]},{"@type":"BreadcrumbList","@id":"https:\/\/garraioakgllano.com\/index.php\/politicas-de-privacidad\/#breadcrumb","itemListElement":[{"@type":"ListItem","position":1,"name":"Portada","item":"https:\/\/garraioakgllano.com\/"},{"@type":"ListItem","position":2,"name":"Pol\u00edticas de Privacidad"}]},{"@type":"WebSite","@id":"https:\/\/garraioakgllano.com\/#website","url":"https:\/\/garraioakgllano.com\/","name":"Garraioak G.llano","description":"Servicio de Transporte","publisher":{"@id":"https:\/\/garraioakgllano.com\/#organization"},"potentialAction":[{"@type":"SearchAction","target":{"@type":"EntryPoint","urlTemplate":"https:\/\/garraioakgllano.com\/?s={search_term_string}"},"query-input":{"@type":"PropertyValueSpecification","valueRequired":true,"valueName":"search_term_string"}}],"inLanguage":"es"},{"@type":"Organization","@id":"https:\/\/garraioakgllano.com\/#organization","name":"Garraioak G.llano","url":"https:\/\/garraioakgllano.com\/","logo":{"@type":"ImageObject","inLanguage":"es","@id":"https:\/\/garraioakgllano.com\/#\/schema\/logo\/image\/","url":"https:\/\/garraioakgllano.com\/wp-content\/uploads\/2023\/03\/cropped-logo-garraioak2.png","contentUrl":"https:\/\/garraioakgllano.com\/wp-content\/uploads\/2023\/03\/cropped-logo-garraioak2.png","width":480,"height":95,"caption":"Garraioak G.llano"},"image":{"@id":"https:\/\/garraioakgllano.com\/#\/schema\/logo\/image\/"}}]}},"jetpack_sharing_enabled":true,"_links":{"self":[{"href":"https:\/\/garraioakgllano.com\/index.php\/wp-json\/wp\/v2\/pages\/1321","targetHints":{"allow":["GET"]}}],"collection":[{"href":"https:\/\/garraioakgllano.com\/index.php\/wp-json\/wp\/v2\/pages"}],"about":[{"href":"https:\/\/garraioakgllano.com\/index.php\/wp-json\/wp\/v2\/types\/page"}],"author":[{"embeddable":true,"href":"https:\/\/garraioakgllano.com\/index.php\/wp-json\/wp\/v2\/users\/1"}],"replies":[{"embeddable":true,"href":"https:\/\/garraioakgllano.com\/index.php\/wp-json\/wp\/v2\/comments?post=1321"}],"version-history":[{"count":15,"href":"https:\/\/garraioakgllano.com\/index.php\/wp-json\/wp\/v2\/pages\/1321\/revisions"}],"predecessor-version":[{"id":1353,"href":"https:\/\/garraioakgllano.com\/index.php\/wp-json\/wp\/v2\/pages\/1321\/revisions\/1353"}],"wp:attachment":[{"href":"https:\/\/garraioakgllano.com\/index.php\/wp-json\/wp\/v2\/media?parent=1321"}],"curies":[{"name":"wp","href":"https:\/\/api.w.org\/{rel}","templated":true}]}}